{"id":75,"date":"2015-10-28T16:28:28","date_gmt":"2015-10-28T16:28:28","guid":{"rendered":"http:\/\/focusosbl.com\/en\/?page_id=75"},"modified":"2023-08-23T00:14:18","modified_gmt":"2023-08-23T00:14:18","slug":"about","status":"publish","type":"page","link":"https:\/\/focusosbl.com\/en\/about\/","title":{"rendered":"About"},"content":{"rendered":"<div class=\"row\">\n<div class=\"small-12 medium-4 columns small-text-center\"><a href=\"http:\/\/focusosbl.com\/app\/uploads\/2015\/10\/Focus_OSBL_Daniel_Lapointe.jpg\"><img loading=\"lazy\" decoding=\"async\" class=\"alignnone wp-image-547 size-full\" style=\"margin-bottom: 20px;\" src=\"http:\/\/focusosbl.com\/app\/uploads\/2015\/10\/Focus_OSBL_Daniel_Lapointe.jpg\" alt=\"\" width=\"341\" height=\"461\" srcset=\"https:\/\/focusosbl.com\/app\/uploads\/2015\/10\/Focus_OSBL_Daniel_Lapointe.jpg 341w, https:\/\/focusosbl.com\/app\/uploads\/2015\/10\/Focus_OSBL_Daniel_Lapointe-222x300.jpg 222w\" sizes=\"auto, (max-width: 341px) 100vw, 341px\" \/><\/a><\/div>\n<div class=\"small-12 medium-8 columns\">\n<h2><strong>DANIEL LAPOINTE, MBA<\/strong><br \/>\n<span style=\"color: #91c0bb;\">PRESIDENT OF NFPO FOCUS<\/span><\/h2>\n<p>&nbsp;<\/p>\n<p style=\"font-size: 1.3em;\"><span style=\"color: #666666;\"><strong>Daniel Lapointe has 40 years experience in the NFP sector.\u00a0 He has been the CEO of several NFP organizations including Katimavik, the Canadian Institute of Actuaries and the Canadian Hemophilia Society.<\/strong><\/span><\/p>\n<p><span style=\"color: #636363;\"><strong>Daniel Lapointe<\/strong> teaches strategic development for NFP organizations at Universit\u00e9 de Montr\u00e9al. He is the author of <span style=\"color: #666666;\"><span style=\"color: #91c0bb;\"><strong>La gestion philanthropique, guide pratique pour la collecte de fonds<\/strong><\/span><\/span>, published in 2013 and of <span style=\"color: #666666;\"><span style=\"color: #91c0bd;\"><strong>Am\u00e9liorez la gouvernance de votre OSBL, un guide pratique<\/strong><\/span><\/span>, written with Jean-Paul Gagn\u00e9 and published in 2016.<\/span><\/p>\n<p><span style=\"color: #636363;\"><strong>Daniel Lapointe<\/strong> holds an MBA from HEC Montr\u00e9al and a masters degree in Political Science from l&#8217;Universit\u00e9 du Qu\u00e9bec \u00e0 Montr\u00e9al.\u00a0<\/span><\/p>\n<\/div>\n<\/div>\n","protected":false},"excerpt":{"rendered":"<p>DANIEL LAPOINTE, MBA PRESIDENT OF NFPO FOCUS &nbsp; Daniel Lapointe has 40 years experience in the NFP sector.\u00a0 He has been the CEO of several NFP organizations including Katimavik, the Canadian Institute of Actuaries and the Canadian Hemophilia Society. Daniel Lapointe teaches strategic development for NFP organizations at Universit\u00e9 de Montr\u00e9al. He is the author &hellip; <a href=\"https:\/\/focusosbl.com\/en\/about\/\">Continued<\/a><\/p>\n","protected":false},"author":1,"featured_media":235,"parent":0,"menu_order":1,"comment_status":"closed","ping_status":"closed","template":"","meta":{"_exactmetrics_skip_tracking":false,"_exactmetrics_sitenote_active":false,"_exactmetrics_sitenote_note":"","_exactmetrics_sitenote_category":0,"footnotes":""},"class_list":["post-75","page","type-page","status-publish","has-post-thumbnail","hentry"],"_links":{"self":[{"href":"https:\/\/focusosbl.com\/en\/wp-json\/wp\/v2\/pages\/75","targetHints":{"allow":["GET"]}}],"collection":[{"href":"https:\/\/focusosbl.com\/en\/wp-json\/wp\/v2\/pages"}],"about":[{"href":"https:\/\/focusosbl.com\/en\/wp-json\/wp\/v2\/types\/page"}],"author":[{"embeddable":true,"href":"https:\/\/focusosbl.com\/en\/wp-json\/wp\/v2\/users\/1"}],"replies":[{"embeddable":true,"href":"https:\/\/focusosbl.com\/en\/wp-json\/wp\/v2\/comments?post=75"}],"version-history":[{"count":19,"href":"https:\/\/focusosbl.com\/en\/wp-json\/wp\/v2\/pages\/75\/revisions"}],"predecessor-version":[{"id":638,"href":"https:\/\/focusosbl.com\/en\/wp-json\/wp\/v2\/pages\/75\/revisions\/638"}],"wp:featuredmedia":[{"embeddable":true,"href":"https:\/\/focusosbl.com\/en\/wp-json\/wp\/v2\/media\/235"}],"wp:attachment":[{"href":"https:\/\/focusosbl.com\/en\/wp-json\/wp\/v2\/media?parent=75"}],"curies":[{"name":"wp","href":"https:\/\/api.w.org\/{rel}","templated":true}]}}