{"id":95,"date":"2015-10-29T14:16:26","date_gmt":"2015-10-29T14:16:26","guid":{"rendered":"http:\/\/focusosbl.com\/en\/?page_id=95"},"modified":"2020-12-22T17:00:17","modified_gmt":"2020-12-22T17:00:17","slug":"book","status":"publish","type":"page","link":"https:\/\/focusosbl.com\/en\/book\/","title":{"rendered":"Books"},"content":{"rendered":"<div class=\"row\">\n<div class=\"small-12 medium-4 columns small-text-center\"><img loading=\"lazy\" decoding=\"async\" class=\"alignleft size-full wp-image-572\" src=\"http:\/\/focusosbl.com\/app\/uploads\/2020\/03\/livres_Lapointe_edition2.jpg\" alt=\"\" width=\"588\" height=\"738\" srcset=\"https:\/\/focusosbl.com\/app\/uploads\/2020\/03\/livres_Lapointe_edition2.jpg 588w, https:\/\/focusosbl.com\/app\/uploads\/2020\/03\/livres_Lapointe_edition2-239x300.jpg 239w\" sizes=\"auto, (max-width: 588px) 100vw, 588px\" \/><\/div>\n<div class=\"small-12 medium-8 columns\">\n<h2><strong>AM\u00c9LIOREZ LA GOUVERNANCE DE VOTRE OSBL, UN GUIDE PRATIQUE<\/strong><\/h2>\n<p style=\"font-size: 1.3em;\"><span style=\"color: #666666;\"><strong><span style=\"color: #408ca3;\"><em>Am\u00e9liorez la gouvernance de votre OSBL &#8211; Un guide<\/em> <em>pratique<\/em><\/span> s\u2019adresse aux membres de conseils d\u2019administration et aux gestionnaires d\u2019organismes sans but lucratif qui d\u00e9sirent instaurer des pratiques de gouvernance exemplaires au sein des organisations pour lesquelles ils agissent comme administrateurs et gestionnaires.<\/strong><\/span><\/p>\n<p><span style=\"color: #666666;\">Les OSBL sont plus importants et influents que jamais dans la collectivit\u00e9 qu\u00e9b\u00e9coise. De nos jours, les leaders d\u2019OSBL, d&#8217;organismes caritatifs, d&#8217;ordres professionnels, d&#8217;associations industrielles et autres, cherchent \u00e0 atteindre des standards \u00e9lev\u00e9s de gouvernance afin de r\u00e9pondre aux attentes sans pr\u00e9c\u00e9dent de leurs membres, de leurs bailleurs de fonds, des gouvernements et du public en g\u00e9n\u00e9ral.<\/span><\/p>\n<p><span style=\"color: #666666;\">Vous pouvez le commander chez <span style=\"color: #408ca3;\"><strong><a href=\"https:\/\/www.archambault.ca\/livres\/am%c3%a9liorez-la-gouvernance-de-votre-osbl-un-guide-pratique-n-%c3%a9d\/jean-paul-gagn%c3%a9-daniel-lapointe\/9782897431228\/?id=2991710&amp;cat=1884314\" target=\"_blank\" rel=\"noopener noreferrer\">Archambault<\/a>,<\/strong> <\/span><strong><a href=\"https:\/\/www.renaud-bray.com\/Livres_Produit.aspx?id=2991710&amp;def=Am%c3%a9liorez+la+gouvernance+de+votre+OSBL+%3a+un+guide+pratique+N.+%c3%a9d.%2cGAGN%c3%89%2c+JEAN-PAUL%2cLAPOINTE%2c+DANIEL%2c9782897431228\" target=\"_blank\" rel=\"noopener noreferrer\">Renaud-Bray<\/a><\/strong> ou directement aux <span style=\"text-decoration: underline; color: #408ca3;\"><strong><a style=\"color: #408ca3; text-decoration: underline;\" href=\"https:\/\/www.tcmedialivres.com\/p\/17\/c\/30\/l\/2422\/ameliorez-la-gouvernance-de-votre-osbl-nouvelle-edition\" target=\"_blank\" rel=\"noopener noreferrer\">\u00c9ditions Transcontinental.<\/a><\/strong><\/span><\/span><\/p>\n<p>&nbsp;<\/p>\n<p>. . . . . . . . . . . . . . . . . . . . . . . . . . . . . . . . . . . . . . . . . . . . . . . . . . . . . . . . . . . . . . . . . . . . . . . . . . . . . . . . . . . . . . . . . . . . . . . . . . . . . . . . . . . . . . . .<\/p>\n<\/div>\n<div class=\"small-12 medium-8 columns\" style=\"text-align: right;\"><\/div>\n<div class=\"small-12 medium-8 columns\" style=\"text-align: right;\"><\/div>\n<\/div>\n<div class=\"row\">\n<div class=\"small-12 medium-4 columns small-text-center\"><img loading=\"lazy\" decoding=\"async\" class=\"alignleft wp-image-598 size-full\" style=\"margin-bottom: 20px;\" src=\"https:\/\/focusosbl.com\/app\/uploads\/2020\/12\/2e-edition.jpg\" alt=\"\" width=\"397\" height=\"477\" srcset=\"https:\/\/focusosbl.com\/app\/uploads\/2020\/12\/2e-edition.jpg 397w, https:\/\/focusosbl.com\/app\/uploads\/2020\/12\/2e-edition-250x300.jpg 250w\" sizes=\"auto, (max-width: 397px) 100vw, 397px\" \/><\/div>\n<div class=\"small-12 medium-8 columns\">\n<h2><strong>LA GESTION PHILANTHROPIQUE, GUIDE PRATIQUE POUR LA COLLECTE DE FONDS<\/strong><\/h2>\n<p style=\"font-size: 1.3em;\"><span style=\"color: #666666;\"><strong>Through his work<span style=\"color: #408ca3;\"> <em><a style=\"color: #408ca3;\" href=\"http:\/\/www.puq.ca\/catalogue\/livres\/gestion-philanthropique-17607.html\" target=\"_blank\" rel=\"noopener noreferrer\">La gestion philanthropique, guide pratique pour la collecte de fonds<\/a><\/em><\/span>, <b>Daniel Lapointe<\/b>, MBA, hopes to enable professionals and volunteers in charitable organizations to reach a high level of efficiency and efficacy in their fundraising work.<br \/>\n<\/strong><\/span><\/p>\n<p style=\"text-align: justify;\"><span style=\"color: #666666;\">Presenting the fundamental elements of the major programs and offering suggestions to encourage the success of fundraising activities, the author answers a variety of questions that people working in philanthropy have asked. What are the keys to success for each fundraising program? How does one approach the head of a company? What are the basic elements to include when requesting funding from a private foundation? What are the principal roles that members of a board of directors, employees and volunteers play at the heart of charitable organizations?<\/span><\/p>\n<p style=\"text-align: justify;\"><span style=\"color: #666666;\"><em>La gestion philathropique, guide pratique pour la collecte de fonds<\/em> is available in all bookstores. You can order it from<span style=\"color: #408ca3;\"> <strong><span style=\"text-decoration: underline;\"><a style=\"color: #408ca3; text-decoration: underline;\" href=\"https:\/\/www.archambault.ca\/livres\/gestion-philanthropique-guide-pratique-pour-la-collecte-de-fonds-la-2e-%C3%A9d\/lapointe-daniel\/9782760554283\/?id=3316501&amp;cat=\" target=\"_blank\" rel=\"noopener noreferrer\">Archambault<\/a><\/span><a style=\"color: #408ca3; text-decoration: underline;\" href=\"http:\/\/www.archambault.ca\/lapointe-daniel-gestion-philanthropique-laguide-pratique-pour-la-collecte-de-fonds-ACH003264670-fr-pr\">,<\/a><\/strong><strong> <span style=\"text-decoration: underline;\"><a style=\"color: #408ca3; text-decoration: underline;\" href=\"https:\/\/www.renaud-bray.com\/Livre_Numerique_Produit.aspx?id=3303940&amp;def=La+gestion+philanthropique%2c+2e+%c3%a9dition%2cLAPOINTE%2c+DANIEL%2c9782760554290\" target=\"_blank\" rel=\"noopener noreferrer\">Renaud-Bray<\/a><\/span><\/strong><\/span> or directly from the <span style=\"text-decoration: underline; color: #408ca3;\"><strong><a style=\"color: #408ca3; text-decoration: underline;\" href=\"https:\/\/www.puq.ca\/catalogue\/livres\/gestion-philanthropique-edition-3952.html\" target=\"_blank\" rel=\"noopener noreferrer\">Presses de l\u2019Universit\u00e9 du Qu\u00e9bec<\/a><\/strong><\/span>.<\/span><\/p>\n<p style=\"text-align: justify;\">. . . . . . . . . . . . . . . . . . . . . . . . . . . . . . . . . . . . . . . . . . . . . . . . . . . . . . . . . . . . . . . . . . . . . . . . . . . . . . . . . . . . . . . . . . . . . . . . . . . . . . . . . . . . . . . . .<\/p>\n<\/div>\n<\/div>\n<div class=\"small-12 medium-8 columns\" style=\"text-align: right;\"><\/div>\n<div class=\"small-12 medium-8 columns\" style=\"text-align: right;\"><\/div>\n<div class=\"small-12 medium-8 columns\" style=\"text-align: right;\"><\/div>\n<div class=\"small-12 medium-8 columns\" style=\"text-align: right;\"><\/div>\n<div class=\"small-12 medium-8 columns\" style=\"text-align: right;\"><\/div>\n<div class=\"small-12 medium-8 columns\" style=\"text-align: right;\"><\/div>\n","protected":false},"excerpt":{"rendered":"<p>AM\u00c9LIOREZ LA GOUVERNANCE DE VOTRE OSBL, UN GUIDE PRATIQUE Am\u00e9liorez la gouvernance de votre OSBL &#8211; Un guide pratique s\u2019adresse aux membres de conseils d\u2019administration et aux gestionnaires d\u2019organismes sans but lucratif qui d\u00e9sirent instaurer des pratiques de gouvernance exemplaires au sein des organisations pour lesquelles ils agissent comme administrateurs et gestionnaires. Les OSBL sont &hellip; <a href=\"https:\/\/focusosbl.com\/en\/book\/\">Continued<\/a><\/p>\n","protected":false},"author":1,"featured_media":268,"parent":0,"menu_order":5,"comment_status":"closed","ping_status":"closed","template":"","meta":{"_exactmetrics_skip_tracking":false,"_exactmetrics_sitenote_active":false,"_exactmetrics_sitenote_note":"","_exactmetrics_sitenote_category":0,"footnotes":""},"class_list":["post-95","page","type-page","status-publish","has-post-thumbnail","hentry"],"_links":{"self":[{"href":"https:\/\/focusosbl.com\/en\/wp-json\/wp\/v2\/pages\/95","targetHints":{"allow":["GET"]}}],"collection":[{"href":"https:\/\/focusosbl.com\/en\/wp-json\/wp\/v2\/pages"}],"about":[{"href":"https:\/\/focusosbl.com\/en\/wp-json\/wp\/v2\/types\/page"}],"author":[{"embeddable":true,"href":"https:\/\/focusosbl.com\/en\/wp-json\/wp\/v2\/users\/1"}],"replies":[{"embeddable":true,"href":"https:\/\/focusosbl.com\/en\/wp-json\/wp\/v2\/comments?post=95"}],"version-history":[{"count":20,"href":"https:\/\/focusosbl.com\/en\/wp-json\/wp\/v2\/pages\/95\/revisions"}],"predecessor-version":[{"id":607,"href":"https:\/\/focusosbl.com\/en\/wp-json\/wp\/v2\/pages\/95\/revisions\/607"}],"wp:featuredmedia":[{"embeddable":true,"href":"https:\/\/focusosbl.com\/en\/wp-json\/wp\/v2\/media\/268"}],"wp:attachment":[{"href":"https:\/\/focusosbl.com\/en\/wp-json\/wp\/v2\/media?parent=95"}],"curies":[{"name":"wp","href":"https:\/\/api.w.org\/{rel}","templated":true}]}}